{"id":16,"date":"2012-05-05T20:50:00","date_gmt":"2012-05-05T20:50:00","guid":{"rendered":"http:\/\/gimnodance.com\/wp\/?page_id=16"},"modified":"2013-07-28T14:12:24","modified_gmt":"2013-07-28T14:12:24","slug":"gimnodance","status":"publish","type":"page","link":"https:\/\/gimnodance.com\/wp\/?page_id=16","title":{"rendered":"GimnoDance"},"content":{"rendered":"<p>Direcionada para o ensino da Dan\u00e7a, o objetivo que move a GimnoDance \u00e9, em um espa\u00e7o onde convivam lado a lado a elevada qualidade t\u00e9cnica e a harmonia e tranquilidade essenciais para uma vida s\u00e3 e equilibrada, procurar promover o desenvolvimento das\/os alunas\/os nas suas vertentes f\u00edsicas, mental e art\u00edstica.<\/p>\n<p>Com uma orienta\u00e7\u00e3o assumidamente humanista, a GimnoDance \u00e9 um espa\u00e7o de conv\u00edvio, de uni\u00e3o e de partilha de experi\u00eancias, tendo por princ\u00edpio fundamental a compreens\u00e3o e o respeito pela igualdade, liberdade e autodetermina\u00e7\u00e3o das\/os alunas\/os.<\/p>\n<p>Quer nos procurem com o desejo de encontrar uma actividade que permita a manuten\u00e7\u00e3o em forma ou alguma descontra\u00e7\u00e3o, quer com o intuito de obter uma aprendizado da dan\u00e7a, estaremos sempre preparados para dar respostas e proporcionar momentos agrad\u00e1veis vividos num espa\u00e7o inteiramente concebido a pensar em todos os que nos visitam.<\/p>\n<p>N\u00e3o fiques parada\/o tamb\u00e9m. Venha assistir a uma aula da GimnoDance.<\/p>\n<a href=\"http:\/\/www.facebook.com\/share.php?u=https%3A%2F%2Fgimnodance.com%2Fwp%2F%3Fpage_id%3D16&amp;t=GimnoDance\" id=\"facebook_share_both_16\" style=\"font-size:11px; line-height:13px; font-family:'lucida grande',tahoma,verdana,arial,sans-serif; text-decoration:none; padding:2px 0 0 20px; height:16px; background:url(http:\/\/b.static.ak.fbcdn.net\/images\/share\/facebook_share_icon.gif) no-repeat top left;\">Partilhe no Facebook<\/a>\r\n\t<script type=\"text\/javascript\">\r\n\t<!--\r\n\tvar button = document.getElementById('facebook_share_link_16') || document.getElementById('facebook_share_icon_16') || document.getElementById('facebook_share_both_16') || document.getElementById('facebook_share_button_16');\r\n\tif (button) {\r\n\t\tbutton.onclick = function(e) {\r\n\t\t\tvar url = this.href.replace(\/share\\.php\/, 'sharer.php');\r\n\t\t\twindow.open(url,'sharer','toolbar=0,status=0,width=626,height=436');\r\n\t\t\treturn false;\r\n\t\t}\r\n\t\r\n\t\tif (button.id === 'facebook_share_button_16') {\r\n\t\t\tbutton.onmouseover = function(){\r\n\t\t\t\tthis.style.color='#fff';\r\n\t\t\t\tthis.style.borderColor = '#295582';\r\n\t\t\t\tthis.style.backgroundColor = '#3b5998';\r\n\t\t\t}\r\n\t\t\tbutton.onmouseout = function(){\r\n\t\t\t\tthis.style.color = '#3b5998';\r\n\t\t\t\tthis.style.borderColor = '#d8dfea';\r\n\t\t\t\tthis.style.backgroundColor = '#fff';\r\n\t\t\t}\r\n\t\t}\r\n\t}\r\n\t-->\r\n\t<\/script>\r\n\t","protected":false},"excerpt":{"rendered":"<p>Direcionada para o ensino da Dan\u00e7a, o objetivo que move a GimnoDance \u00e9, em um espa\u00e7o onde convivam lado a lado a elevada qualidade t\u00e9cnica e a harmonia e tranquilidade essenciais para uma vida s\u00e3 e equilibrada, procurar promover o &hellip; <a href=\"https:\/\/gimnodance.com\/wp\/?page_id=16\">Continue reading <span class=\"meta-nav\">&rarr;<\/span><\/a><\/p>\n<a href=\"http:\/\/www.facebook.com\/share.php?u=https%3A%2F%2Fgimnodance.com%2Fwp%2F%3Fpage_id%3D16&amp;t=GimnoDance\" id=\"facebook_share_both_16\" style=\"font-size:11px; line-height:13px; font-family:'lucida grande',tahoma,verdana,arial,sans-serif; text-decoration:none; padding:2px 0 0 20px; height:16px; background:url(http:\/\/b.static.ak.fbcdn.net\/images\/share\/facebook_share_icon.gif) no-repeat top left;\">Partilhe no Facebook<\/a>\r\n\t<script type=\"text\/javascript\">\r\n\t<!--\r\n\tvar button = document.getElementById('facebook_share_link_16') || document.getElementById('facebook_share_icon_16') || document.getElementById('facebook_share_both_16') || document.getElementById('facebook_share_button_16');\r\n\tif (button) {\r\n\t\tbutton.onclick = function(e) {\r\n\t\t\tvar url = this.href.replace(\/share\\.php\/, 'sharer.php');\r\n\t\t\twindow.open(url,'sharer','toolbar=0,status=0,width=626,height=436');\r\n\t\t\treturn false;\r\n\t\t}\r\n\t\r\n\t\tif (button.id === 'facebook_share_button_16') {\r\n\t\t\tbutton.onmouseover = function(){\r\n\t\t\t\tthis.style.color='#fff';\r\n\t\t\t\tthis.style.borderColor = '#295582';\r\n\t\t\t\tthis.style.backgroundColor = '#3b5998';\r\n\t\t\t}\r\n\t\t\tbutton.onmouseout = function(){\r\n\t\t\t\tthis.style.color = '#3b5998';\r\n\t\t\t\tthis.style.borderColor = '#d8dfea';\r\n\t\t\t\tthis.style.backgroundColor = '#fff';\r\n\t\t\t}\r\n\t\t}\r\n\t}\r\n\t-->\r\n\t<\/script>\r\n\t","protected":false},"author":1,"featured_media":0,"parent":0,"menu_order":0,"comment_status":"open","ping_status":"open","template":"","meta":{"footnotes":""},"_links":{"self":[{"href":"https:\/\/gimnodance.com\/wp\/index.php?rest_route=\/wp\/v2\/pages\/16"}],"collection":[{"href":"https:\/\/gimnodance.com\/wp\/index.php?rest_route=\/wp\/v2\/pages"}],"about":[{"href":"https:\/\/gimnodance.com\/wp\/index.php?rest_route=\/wp\/v2\/types\/page"}],"author":[{"embeddable":true,"href":"https:\/\/gimnodance.com\/wp\/index.php?rest_route=\/wp\/v2\/users\/1"}],"replies":[{"embeddable":true,"href":"https:\/\/gimnodance.com\/wp\/index.php?rest_route=%2Fwp%2Fv2%2Fcomments&post=16"}],"version-history":[{"count":5,"href":"https:\/\/gimnodance.com\/wp\/index.php?rest_route=\/wp\/v2\/pages\/16\/revisions"}],"predecessor-version":[{"id":412,"href":"https:\/\/gimnodance.com\/wp\/index.php?rest_route=\/wp\/v2\/pages\/16\/revisions\/412"}],"wp:attachment":[{"href":"https:\/\/gimnodance.com\/wp\/index.php?rest_route=%2Fwp%2Fv2%2Fmedia&parent=16"}],"curies":[{"name":"wp","href":"https:\/\/api.w.org\/{rel}","templated":true}]}}