{"id":2,"date":"2012-04-28T00:31:41","date_gmt":"2012-04-28T00:31:41","guid":{"rendered":"http:\/\/gimnodance.com\/wp\/?page_id=2"},"modified":"2013-07-28T14:33:36","modified_gmt":"2013-07-28T14:33:36","slug":"sample-page","status":"publish","type":"page","link":"https:\/\/gimnodance.com\/wp\/?page_id=2","title":{"rendered":"Hor\u00e1rios das Atividades"},"content":{"rendered":"<table width=\"647\" border=\"1\" cellspacing=\"0\" cellpadding=\"0\">\n<tbody>\n<tr>\n<td valign=\"top\" width=\"178\">\n<p align=\"center\"><strong><span style=\"color: #ff0000;\">Local<\/span><\/strong><\/p>\n<\/td>\n<td valign=\"top\" width=\"146\">\n<p align=\"center\"><span style=\"color: #000000;\"><strong>Dias<\/strong><\/span><\/p>\n<\/td>\n<td valign=\"top\" width=\"162\">\n<p align=\"center\"><span style=\"color: #ff0000;\"><strong><strong>Hor\u00e1rio<\/strong><\/strong><\/span><\/p>\n<\/td>\n<td valign=\"top\" width=\"162\">\n<p align=\"center\"><strong>Idade a Frequentar<\/strong><\/p>\n<\/td>\n<\/tr>\n<tr>\n<td valign=\"top\" width=\"178\">\n<p align=\"center\"><a title=\"Localiza\u00e7\u00e3o da Freguesia de Espargo\" href=\"http:\/\/maps.google.pt\/maps\/myplaces?vpsrc=0&amp;ctz=-60&amp;sll=40.922076,-8.576409&amp;sspn=0.000991,0.002594&amp;ie=UTF8&amp;ll=40.922076,-8.576409&amp;spn=0.000991,0.002594&amp;t=h&amp;z=19http:\/\/\" target=\"_blank\"><span style=\"color: #ff0000;\">Junta Freguesia de Espargo<\/span><\/a><\/p>\n<\/td>\n<td valign=\"top\" width=\"146\">\n<p align=\"center\"><span style=\"color: #000000;\">Segundas e Quartas<\/span><\/p>\n<\/td>\n<td valign=\"top\" width=\"162\">\n<p align=\"center\"><span style=\"color: #ff0000;\">21h00 \u00e1s 22h00<\/span><\/p>\n<\/td>\n<td valign=\"top\" width=\"162\">\n<p align=\"center\"><strong><span style=\"color: #000000;\">Gimno<\/span><span style=\"color: #ff0000;\">Dance<\/span><\/strong><\/p>\n<p align=\"center\">Grupo de Apresenta\u00e7\u00f5es<\/p>\n<p align=\"center\"><span style=\"color: #000000;\">Mais de 16 anos<\/span><\/p>\n<\/td>\n<\/tr>\n<tr>\n<td valign=\"top\" width=\"178\">\n<p align=\"center\"><a title=\"Localiza\u00e7\u00e3o da Freguesia de Espargo\" href=\"http:\/\/maps.google.pt\/maps\/myplaces?vpsrc=0&amp;ctz=-60&amp;sll=40.922076,-8.576409&amp;sspn=0.000991,0.002594&amp;ie=UTF8&amp;ll=40.922076,-8.576409&amp;spn=0.000991,0.002594&amp;t=h&amp;z=19http:\/\/\" target=\"_blank\"><span style=\"color: #ff0000;\">Junta Freguesia de Espargo<\/span><\/a><\/p>\n<\/td>\n<td valign=\"top\" width=\"146\">\n<p align=\"center\"><span style=\"color: #000000;\">Quartas<\/span><\/p>\n<\/td>\n<td valign=\"top\" width=\"162\">\n<p align=\"center\"><span style=\"color: #ff0000;\">19h00 \u00e1s 20h00<\/span><\/p>\n<\/td>\n<td valign=\"top\" width=\"162\">\n<p align=\"center\"><strong><span style=\"color: #000000;\">Gimno<\/span><span style=\"color: #ff0000;\">Dance<\/span><\/strong><\/p>\n<p align=\"center\">Somente aulas de dan\u00e7a<\/p>\n<p align=\"center\"><span style=\"color: #000000;\">Mais de 16 anos<\/span><\/p>\n<\/td>\n<\/tr>\n<tr>\n<td valign=\"top\" width=\"178\">\n<p align=\"center\"><a title=\"Localiza\u00e7\u00e3o da Freguesia de Espargo\" href=\"http:\/\/maps.google.pt\/maps\/myplaces?vpsrc=0&amp;ctz=-60&amp;sll=40.922076,-8.576409&amp;sspn=0.000991,0.002594&amp;ie=UTF8&amp;ll=40.922076,-8.576409&amp;spn=0.000991,0.002594&amp;t=h&amp;z=19http:\/\/\" target=\"_blank\"><span style=\"color: #ff0000;\">Junta Freguesia de Espargo<\/span><\/a><\/p>\n<\/td>\n<td valign=\"top\" width=\"146\">\n<p align=\"center\"><span style=\"color: #000000;\">Sextas<\/span><\/p>\n<\/td>\n<td valign=\"top\" width=\"162\">\n<p align=\"center\"><span style=\"color: #ff0000;\">18h30 \u00e1s 19h30<\/span><\/p>\n<\/td>\n<td valign=\"top\" width=\"162\">\n<p align=\"center\"><strong>Gimno<\/strong><span style=\"color: #000000;\"><strong><span style=\"color: #ff0000;\">Kids<\/span><\/strong><\/span><strong><\/strong><\/p>\n<p align=\"center\"><span style=\"color: #000000;\">7 aos 12 anos<\/span><\/p>\n<\/td>\n<\/tr>\n<\/tbody>\n<\/table>\n<a href=\"http:\/\/www.facebook.com\/share.php?u=https%3A%2F%2Fgimnodance.com%2Fwp%2F%3Fpage_id%3D2&amp;t=Hor%C3%A1rios%20das%20Atividades\" id=\"facebook_share_both_2\" style=\"font-size:11px; line-height:13px; font-family:'lucida grande',tahoma,verdana,arial,sans-serif; text-decoration:none; padding:2px 0 0 20px; height:16px; background:url(http:\/\/b.static.ak.fbcdn.net\/images\/share\/facebook_share_icon.gif) no-repeat top left;\">Partilhe no Facebook<\/a>\r\n\t<script type=\"text\/javascript\">\r\n\t<!--\r\n\tvar button = document.getElementById('facebook_share_link_2') || document.getElementById('facebook_share_icon_2') || document.getElementById('facebook_share_both_2') || document.getElementById('facebook_share_button_2');\r\n\tif (button) {\r\n\t\tbutton.onclick = function(e) {\r\n\t\t\tvar url = this.href.replace(\/share\\.php\/, 'sharer.php');\r\n\t\t\twindow.open(url,'sharer','toolbar=0,status=0,width=626,height=436');\r\n\t\t\treturn false;\r\n\t\t}\r\n\t\r\n\t\tif (button.id === 'facebook_share_button_2') {\r\n\t\t\tbutton.onmouseover = function(){\r\n\t\t\t\tthis.style.color='#fff';\r\n\t\t\t\tthis.style.borderColor = '#295582';\r\n\t\t\t\tthis.style.backgroundColor = '#3b5998';\r\n\t\t\t}\r\n\t\t\tbutton.onmouseout = function(){\r\n\t\t\t\tthis.style.color = '#3b5998';\r\n\t\t\t\tthis.style.borderColor = '#d8dfea';\r\n\t\t\t\tthis.style.backgroundColor = '#fff';\r\n\t\t\t}\r\n\t\t}\r\n\t}\r\n\t-->\r\n\t<\/script>\r\n\t","protected":false},"excerpt":{"rendered":"<p>Local Dias Hor\u00e1rio Idade a Frequentar Junta Freguesia de Espargo Segundas e Quartas 21h00 \u00e1s 22h00 GimnoDance Grupo de Apresenta\u00e7\u00f5es Mais de 16 anos Junta Freguesia de Espargo Quartas 19h00 \u00e1s 20h00 GimnoDance Somente aulas de dan\u00e7a Mais de 16 &hellip; <a href=\"https:\/\/gimnodance.com\/wp\/?page_id=2\">Continue reading <span class=\"meta-nav\">&rarr;<\/span><\/a><\/p>\n<a href=\"http:\/\/www.facebook.com\/share.php?u=https%3A%2F%2Fgimnodance.com%2Fwp%2F%3Fpage_id%3D2&amp;t=Hor%C3%A1rios%20das%20Atividades\" id=\"facebook_share_both_2\" style=\"font-size:11px; line-height:13px; font-family:'lucida grande',tahoma,verdana,arial,sans-serif; text-decoration:none; padding:2px 0 0 20px; height:16px; background:url(http:\/\/b.static.ak.fbcdn.net\/images\/share\/facebook_share_icon.gif) no-repeat top left;\">Partilhe no Facebook<\/a>\r\n\t<script type=\"text\/javascript\">\r\n\t<!--\r\n\tvar button = document.getElementById('facebook_share_link_2') || document.getElementById('facebook_share_icon_2') || document.getElementById('facebook_share_both_2') || document.getElementById('facebook_share_button_2');\r\n\tif (button) {\r\n\t\tbutton.onclick = function(e) {\r\n\t\t\tvar url = this.href.replace(\/share\\.php\/, 'sharer.php');\r\n\t\t\twindow.open(url,'sharer','toolbar=0,status=0,width=626,height=436');\r\n\t\t\treturn false;\r\n\t\t}\r\n\t\r\n\t\tif (button.id === 'facebook_share_button_2') {\r\n\t\t\tbutton.onmouseover = function(){\r\n\t\t\t\tthis.style.color='#fff';\r\n\t\t\t\tthis.style.borderColor = '#295582';\r\n\t\t\t\tthis.style.backgroundColor = '#3b5998';\r\n\t\t\t}\r\n\t\t\tbutton.onmouseout = function(){\r\n\t\t\t\tthis.style.color = '#3b5998';\r\n\t\t\t\tthis.style.borderColor = '#d8dfea';\r\n\t\t\t\tthis.style.backgroundColor = '#fff';\r\n\t\t\t}\r\n\t\t}\r\n\t}\r\n\t-->\r\n\t<\/script>\r\n\t","protected":false},"author":1,"featured_media":0,"parent":0,"menu_order":0,"comment_status":"open","ping_status":"open","template":"","meta":{"footnotes":""},"_links":{"self":[{"href":"https:\/\/gimnodance.com\/wp\/index.php?rest_route=\/wp\/v2\/pages\/2"}],"collection":[{"href":"https:\/\/gimnodance.com\/wp\/index.php?rest_route=\/wp\/v2\/pages"}],"about":[{"href":"https:\/\/gimnodance.com\/wp\/index.php?rest_route=\/wp\/v2\/types\/page"}],"author":[{"embeddable":true,"href":"https:\/\/gimnodance.com\/wp\/index.php?rest_route=\/wp\/v2\/users\/1"}],"replies":[{"embeddable":true,"href":"https:\/\/gimnodance.com\/wp\/index.php?rest_route=%2Fwp%2Fv2%2Fcomments&post=2"}],"version-history":[{"count":12,"href":"https:\/\/gimnodance.com\/wp\/index.php?rest_route=\/wp\/v2\/pages\/2\/revisions"}],"predecessor-version":[{"id":19,"href":"https:\/\/gimnodance.com\/wp\/index.php?rest_route=\/wp\/v2\/pages\/2\/revisions\/19"}],"wp:attachment":[{"href":"https:\/\/gimnodance.com\/wp\/index.php?rest_route=%2Fwp%2Fv2%2Fmedia&parent=2"}],"curies":[{"name":"wp","href":"https:\/\/api.w.org\/{rel}","templated":true}]}}